{"id":6910,"date":"2024-01-16T19:55:57","date_gmt":"2024-01-16T19:55:57","guid":{"rendered":"https:\/\/stoffenspektakel.nl\/agenda\/"},"modified":"2024-02-29T08:54:18","modified_gmt":"2024-02-29T08:54:18","slug":"agenda","status":"publish","type":"page","link":"https:\/\/stoffenspektakel.nl\/de\/agenda\/","title":{"rendered":"Agenda"},"content":{"rendered":"<div class=\"wpb-content-wrapper\"><p>[vc_row][vc_column width=&#8220;1\/6&#8243;][\/vc_column][vc_column width=&#8220;2\/3&#8243;]<div id=\"ultimate-heading-951769d76ba7e3973\" class=\"uvc-heading ult-adjust-bottom-margin ultimate-heading-951769d76ba7e3973 uvc-7097  uvc-heading-default-font-sizes\" data-hspacer=\"no_spacer\"  data-halign=\"center\" style=\"text-align:center\"><div class=\"uvc-heading-spacer no_spacer\" style=\"top\"><\/div><div class=\"uvc-main-heading ult-responsive\"  data-ultimate-target='.uvc-heading.ultimate-heading-951769d76ba7e3973 h2'  data-responsive-json-new='{\"font-size\":\"\",\"line-height\":\"\"}' ><h2 style=\"--font-weight:theme;margin-top:55px;\">Agenda Stoffen Spektakel 2024<\/h2><\/div><div class=\"uvc-sub-heading ult-responsive\"  data-ultimate-target='.uvc-heading.ultimate-heading-951769d76ba7e3973 .uvc-sub-heading '  data-responsive-json-new='{\"font-size\":\"\",\"line-height\":\"\"}'  style=\"font-weight:normal;margin-bottom:25px;\"><\/p>\n<p>Hier finden Sie alle Informationen zu unseren kommenden Veranstaltungen. Egal, ob Sie ein begeisterter Stoffliebhaber, ein N\u00e4hanf\u00e4nger oder einfach nur auf der Suche nach Inspiration sind, unser umfangreicher Agenda bietet f\u00fcr jeden etwas.<\/p>\n<p>In unserem Agenda finden Sie detaillierte Informationen zu den Terminen, Orten und besonderen Aktivit\u00e4ten der einzelnen Veranstaltungen des Stoffen Spektakels.<\/div><\/div>[vc_row_inner][vc_column_inner css=&#8220;.vc_custom_1705437863384{border: 1px solid #f07d20 !important;}&#8220;][vc_column_text]<\/p>\n<p style=\"text-align: center;\"><strong>Agenda herunterladen? Dr\u00fccken Sie die Schaltfl\u00e4che &#8222;Download&#8220;.<\/strong><\/p>\n<p>[\/vc_column_text]<div class=\" ubtn-ctn-center \"><a class=\"ubtn-link ult-adjust-bottom-margin ubtn-center ubtn-normal \" href=\"https:\/\/stoffenspektakel.nl\/wp-content\/uploads\/2024\/01\/1200x628-scaled.jpg\" target=\"_blank\" rel=\"noopener\" ><button type=\"button\" id=\"ubtn-5612\"  class=\"ubtn ult-adjust-bottom-margin ult-responsive ubtn-normal ubtn-no-hover-bg  none  ubtn-center   tooltip-69d76ba7e39ee\"  data-hover=\"#ffffff\" data-border-color=\"#f07d20\" data-bg=\"#ffffff\" data-hover-bg=\"#f07d20\" data-border-hover=\"#f07d20\" data-shadow-hover=\"\" data-shadow-click=\"none\" data-shadow=\"\" data-shd-shadow=\"\"  data-ultimate-target='#ubtn-5612'  data-responsive-json-new='{\"font-size\":\"\",\"line-height\":\"\"}'  style=\"font-weight:normal;border-radius:0px;border-width:1px;border-color:#f07d20;border-style:solid;background: #ffffff;color: #f07d20;\"><span class=\"ubtn-hover\" style=\"background-color:#f07d20\"><\/span><span class=\"ubtn-data ubtn-text \" >Agenda herunterladen<\/span><\/button><\/a><\/div>[\/vc_column_inner][\/vc_row_inner][\/vc_column][vc_column width=&#8220;1\/6&#8243;][\/vc_column][\/vc_row][vc_row][vc_column][vc_single_image image=&#8220;5063&#8243; img_size=&#8220;full&#8220;][vc_column_text][tribe_events][\/vc_column_text][\/vc_column][\/vc_row][vc_row equal_height=&#8220;yes&#8220; bg_type=&#8220;image&#8220; parallax_style=&#8220;vcpb-default&#8220; bg_image_new=&#8220;id^2523|url^https:\/\/stoffenspektakel.nl\/wp-content\/uploads\/2023\/12\/stoffenspektakel-s1920x1080-q80.jpg|caption^null|alt^null|title^stoffenspektakel-s1920x1080-q80|description^null&#8220; bg_image_repeat=&#8220;no-repeat&#8220; bg_img_attach=&#8220;fixed&#8220; bg_override=&#8220;full&#8220; enable_overlay=&#8220;enable_overlay_value&#8220; overlay_color=&#8220;rgba(0,0,0,0.75)&#8220; type=&#8220;vc_default&#8220; css=&#8220;.vc_custom_1703841266939{padding-top: 90px !important;padding-bottom: 90px !important;}&#8220; el_id=&#8220;Kontakt&#8220;][vc_column offset=&#8220;vc_col-lg-6 vc_col-md-6&#8243;]<div id=\"ultimate-heading-904269d76ba7e3a89\" class=\"uvc-heading ult-adjust-bottom-margin ultimate-heading-904269d76ba7e3a89 uvc-9291 accent-border-color accent-subtitle-color\" data-hspacer=\"no_spacer\"  data-halign=\"left\" style=\"text-align:left\"><div class=\"uvc-heading-spacer no_spacer\" style=\"top\"><\/div><div class=\"uvc-main-heading ult-responsive\"  data-ultimate-target='.uvc-heading.ultimate-heading-904269d76ba7e3a89 h2'  data-responsive-json-new='{\"font-size\":\"desktop:50px;tablet_portrait:40px;\",\"line-height\":\"desktop:60px;tablet_portrait:50px;\"}' ><h2 style=\"font-weight:bold;color:#ffffff;margin-bottom:30px;\">KONTAKTIEREN SIE UNS<\/h2><\/div><\/div>[vc_column_text]<span style=\"color: #ffffff;\"><strong>Haben Sie Fragen, Anmerkungen oder m\u00f6chten Sie uns Feedback geben? Dann nutzen Sie das Kontaktformular auf dieser Seite, um uns Ihre Nachricht zukommen zu lassen.<\/strong><\/span><br \/>\n<span style=\"color: #ffffff;\"><strong>Wir versuchen immer, Ihre Nachricht innerhalb von 48 Stunden zu beantworten.<\/strong><\/span>[\/vc_column_text]<div class=\"aio-icon-component  vc_custom_1702634845700   style_1\"><div id=\"Info-box-wrap-4375\" class=\"aio-icon-box default-icon\" style=\"\"  ><div class=\"aio-icon-default\"><div class=\"ult-just-icon-wrapper  \"><div class=\"align-icon\" style=\"text-align:center;\">\n<div class=\"aio-icon none \"  style=\"color:#ffffff;font-size:24px;display:inline-block;\">\n\t<i class=\"icomoon-font-awesome-14x14-envelope\"><\/i>\n<\/div><\/div><\/div><\/div><div class=\"aio-icon-header\" ><h3 class=\"aio-icon-title ult-responsive\"  data-ultimate-target='#Info-box-wrap-4375 .aio-icon-title'  data-responsive-json-new='{\"font-size\":\"desktop:18px;\",\"line-height\":\"desktop:24px;\"}'  style=\"font-family:&#039;Open Sans&#039;;font-weight:700;color:#ffffff;\">info@stoffenspektakel.nl<\/h3><\/div> <!-- header --><\/div> <!-- aio-icon-box --><\/div> <!-- aio-icon-component --><div class=\"aio-icon-component  vc_custom_1703841100466   style_1\"><div id=\"Info-box-wrap-7922\" class=\"aio-icon-box default-icon\" style=\"\"  ><div class=\"aio-icon-default\"><div class=\"ult-just-icon-wrapper  \"><div class=\"align-icon\" style=\"text-align:center;\">\n<div class=\"aio-icon none \"  style=\"color:#ffffff;font-size:24px;display:inline-block;\">\n\t<i class=\"icomoon-the7-font-the7-clock-01\"><\/i>\n<\/div><\/div><\/div><\/div><div class=\"aio-icon-header\" ><h3 class=\"aio-icon-title ult-responsive\"  data-ultimate-target='#Info-box-wrap-7922 .aio-icon-title'  data-responsive-json-new='{\"font-size\":\"desktop:18px;\",\"line-height\":\"desktop:28px;\"}'  style=\"font-family:&#039;Open Sans&#039;;font-weight:700;color:#ffffff;\">Montag - Freitag 09:00 - 17:00<\/h3><\/div> <!-- header --><\/div> <!-- aio-icon-box --><\/div> <!-- aio-icon-component --><div class=\"  uavc-icons \">\n<a class=\"aio-tooltip 69d76ba7e3d43\" href=\"https:\/\/www.facebook.com\/Stoffenspektakel.beurs\" target=\"_blank\" rel=\"noopener\"  data-toggle=\"tooltip\" data-placement=\"top\" title=\"Facebook\"><div class=\"aio-icon circle \" data-animation=\"\" data-animation-delay=\"03\" style=\"color:#ffffff;background:#f17c07;font-size:24px;margin-right:5px;\">\n\t<i class=\"icomoon-font-awesome-14x14-facebook-official\"><\/i>\n<\/div><\/a>\n<a class=\"aio-tooltip 69d76ba7e3d7a\" href=\"https:\/\/www.tiktok.com\/@stoffen_spektakel\" target=\"_blank\" rel=\"noopener\"  data-toggle=\"tooltip\" data-placement=\"top\" title=\"Twitter\"><div class=\"aio-icon circle \" data-animation=\"\" data-animation-delay=\"03\" style=\"color:#ffffff;background:#f17c07;font-size:24px;margin-right:5px;\">\n\t<i class=\"fab fa-tiktok\"><\/i>\n<\/div><\/a>\n<a class=\"aio-tooltip 69d76ba7e3da4\" href=\"https:\/\/www.instagram.com\/stoffenspektakel\/\" target=\"_blank\" rel=\"noopener\"  data-toggle=\"tooltip\" data-placement=\"top\" title=\"Instagram\"><div class=\"aio-icon circle \" data-animation=\"\" data-animation-delay=\"03\" style=\"color:#ffffff;background:#f17c07;font-size:24px;margin-right:5px;\">\n\t<i class=\"icomoon-font-awesome-14x14-instagram\"><\/i>\n<\/div><\/a><\/div>[\/vc_column][vc_column offset=&#8220;vc_col-lg-6 vc_col-md-6&#8243;]\n<div class=\"wpcf7 no-js\" id=\"wpcf7-f1154-o1\" lang=\"nl-NL\" dir=\"ltr\" data-wpcf7-id=\"1154\">\n<div class=\"screen-reader-response\"><p role=\"status\" aria-live=\"polite\" aria-atomic=\"true\"><\/p> <ul><\/ul><\/div>\n<form action=\"\/de\/wp-json\/wp\/v2\/pages\/6910#wpcf7-f1154-o1\" method=\"post\" class=\"wpcf7-form init demo\" aria-label=\"Contactformulier\" novalidate=\"novalidate\" data-status=\"init\">\n<fieldset class=\"hidden-fields-container\"><input type=\"hidden\" name=\"_wpcf7\" value=\"1154\" \/><input type=\"hidden\" name=\"_wpcf7_version\" value=\"6.1.5\" \/><input type=\"hidden\" name=\"_wpcf7_locale\" value=\"nl_NL\" \/><input type=\"hidden\" name=\"_wpcf7_unit_tag\" value=\"wpcf7-f1154-o1\" \/><input type=\"hidden\" name=\"_wpcf7_container_post\" value=\"0\" \/><input type=\"hidden\" name=\"_wpcf7_posted_data_hash\" value=\"\" \/><input type=\"hidden\" name=\"_wpcf7_recaptcha_response\" value=\"\" \/>\n<\/fieldset>\n<p><span class=\"contact-form-white-titles\">Naam*<\/span><br \/>\n<span class=\"wpcf7-form-control-wrap\" data-name=\"your-name\"><input size=\"40\" maxlength=\"400\" class=\"wpcf7-form-control wpcf7-text wpcf7-validates-as-required required\" aria-required=\"true\" aria-invalid=\"false\" value=\"\" type=\"text\" name=\"your-name\" \/><\/span><br \/>\n<span class=\"contact-form-white-titles\">E-mailadres*<\/span><br \/>\n<span class=\"wpcf7-form-control-wrap\" data-name=\"your-mail\"><input size=\"40\" maxlength=\"400\" class=\"wpcf7-form-control wpcf7-email wpcf7-validates-as-required wpcf7-text wpcf7-validates-as-email required\" aria-required=\"true\" aria-invalid=\"false\" value=\"\" type=\"email\" name=\"your-mail\" \/><\/span><br \/>\n<span class=\"contact-form-white-titles\">Telefoonnummer*<\/span><br \/>\n<span class=\"wpcf7-form-control-wrap\" data-name=\"your-phone\"><input size=\"40\" maxlength=\"400\" class=\"wpcf7-form-control wpcf7-text wpcf7-validates-as-required required\" aria-required=\"true\" aria-invalid=\"false\" value=\"\" type=\"text\" name=\"your-phone\" \/><\/span><br \/>\n<span class=\"contact-form-white-titles\">Jouw bericht<\/span><br \/>\n<span class=\"wpcf7-form-control-wrap\" data-name=\"your-message\"><textarea cols=\"40\" rows=\"6\" maxlength=\"2000\" class=\"wpcf7-form-control wpcf7-textarea\" aria-invalid=\"false\" name=\"your-message\"><\/textarea><\/span>\n<\/p>\n<p><input class=\"wpcf7-form-control wpcf7-submit has-spinner\" type=\"submit\" value=\"Verstuur\" \/>\n<\/p><input type='hidden' class='wpcf7-pum' value='{\"closepopup\":false,\"closedelay\":0,\"openpopup\":false,\"openpopup_id\":0}' \/><div class=\"wpcf7-response-output\" aria-hidden=\"true\"><\/div>\n<\/form>\n<\/div>\n[\/vc_column][\/vc_row]<\/p>\n<\/div>","protected":false},"excerpt":{"rendered":"<p>[vc_row][vc_column width=&#8220;1\/6&#8243;][\/vc_column][vc_column width=&#8220;2\/3&#8243;][vc_row_inner][vc_column_inner css=&#8220;.vc_custom_1705437863384{border: 1px solid #f07d20 !important;}&#8220;][vc_column_text] Agenda herunterladen? Dr\u00fccken Sie die Schaltfl\u00e4che &#8222;Download&#8220;. [\/vc_column_text][\/vc_column_inner][\/vc_row_inner][\/vc_column][vc_column width=&#8220;1\/6&#8243;][\/vc_column][\/vc_row][vc_row][vc_column][vc_single_image image=&#8220;5063&#8243; img_size=&#8220;full&#8220;][vc_column_text][tribe_events][\/vc_column_text][\/vc_column][\/vc_row][vc_row equal_height=&#8220;yes&#8220; bg_type=&#8220;image&#8220; parallax_style=&#8220;vcpb-default&#8220; bg_image_new=&#8220;id^2523|url^https:\/\/stoffenspektakel.nl\/wp-content\/uploads\/2023\/12\/stoffenspektakel-s1920x1080-q80.jpg|caption^null|alt^null|title^stoffenspektakel-s1920x1080-q80|description^null&#8220; bg_image_repeat=&#8220;no-repeat&#8220; bg_img_attach=&#8220;fixed&#8220; bg_override=&#8220;full&#8220; enable_overlay=&#8220;enable_overlay_value&#8220; overlay_color=&#8220;rgba(0,0,0,0.75)&#8220; type=&#8220;vc_default&#8220; css=&#8220;.vc_custom_1703841266939{padding-top:&hellip;<\/p>\n","protected":false},"author":4,"featured_media":0,"parent":0,"menu_order":10,"comment_status":"closed","ping_status":"closed","template":"template-microsite.php","meta":{"footnotes":""},"class_list":["post-6910","page","type-page","status-publish","hentry","description-off"],"yoast_head":"<!-- This site is optimized with the Yoast SEO plugin v27.1.1 - https:\/\/yoast.com\/product\/yoast-seo-wordpress\/ -->\n<title>Agenda - Stoffen Spektakel<\/title>\n<meta name=\"description\" content=\"Vom 11. Februar bis zum 2. Juni finden wieder die Stoffen Spektakel Messen in den Niederlanden, Belgien und Luxemburg statt. Sehen Sie sich die Agenda hier an!\" \/>\n<meta name=\"robots\" content=\"index, follow, max-snippet:-1, max-image-preview:large, max-video-preview:-1\" \/>\n<link rel=\"canonical\" href=\"https:\/\/stoffenspektakel.nl\/de\/agenda\/\" \/>\n<meta property=\"og:locale\" content=\"de_DE\" \/>\n<meta property=\"og:type\" content=\"article\" \/>\n<meta property=\"og:title\" content=\"Agenda - Stoffen Spektakel\" \/>\n<meta property=\"og:description\" content=\"Vom 11. Februar bis zum 2. Juni finden wieder die Stoffen Spektakel Messen in den Niederlanden, Belgien und Luxemburg statt. Sehen Sie sich die Agenda hier an!\" \/>\n<meta property=\"og:url\" content=\"https:\/\/stoffenspektakel.nl\/de\/agenda\/\" \/>\n<meta property=\"og:site_name\" content=\"Stoffen Spektakel\" \/>\n<meta property=\"article:publisher\" content=\"https:\/\/www.facebook.com\/Stoffenspektakel.beurs\" \/>\n<meta property=\"article:modified_time\" content=\"2024-02-29T08:54:18+00:00\" \/>\n<meta name=\"twitter:card\" content=\"summary_large_image\" \/>\n<meta name=\"twitter:label1\" content=\"Gesch\u00e4tzte Lesezeit\" \/>\n\t<meta name=\"twitter:data1\" content=\"3\u00a0Minuten\" \/>\n<script type=\"application\/ld+json\" class=\"yoast-schema-graph\">{\"@context\":\"https:\/\/schema.org\",\"@graph\":[{\"@type\":\"WebPage\",\"@id\":\"https:\/\/stoffenspektakel.nl\/de\/agenda\/\",\"url\":\"https:\/\/stoffenspektakel.nl\/de\/agenda\/\",\"name\":\"Agenda - Stoffen Spektakel\",\"isPartOf\":{\"@id\":\"https:\/\/stoffenspektakel.nl\/#website\"},\"datePublished\":\"2024-01-16T19:55:57+00:00\",\"dateModified\":\"2024-02-29T08:54:18+00:00\",\"description\":\"Vom 11. Februar bis zum 2. Juni finden wieder die Stoffen Spektakel Messen in den Niederlanden, Belgien und Luxemburg statt. Sehen Sie sich die Agenda hier an!\",\"breadcrumb\":{\"@id\":\"https:\/\/stoffenspektakel.nl\/de\/agenda\/#breadcrumb\"},\"inLanguage\":\"de\",\"potentialAction\":[{\"@type\":\"ReadAction\",\"target\":[\"https:\/\/stoffenspektakel.nl\/de\/agenda\/\"]}]},{\"@type\":\"BreadcrumbList\",\"@id\":\"https:\/\/stoffenspektakel.nl\/de\/agenda\/#breadcrumb\",\"itemListElement\":[{\"@type\":\"ListItem\",\"position\":1,\"name\":\"Home\",\"item\":\"https:\/\/stoffenspektakel.nl\/de\/\"},{\"@type\":\"ListItem\",\"position\":2,\"name\":\"Agenda\"}]},{\"@type\":\"WebSite\",\"@id\":\"https:\/\/stoffenspektakel.nl\/#website\",\"url\":\"https:\/\/stoffenspektakel.nl\/\",\"name\":\"Stoffen Spektakel\",\"description\":\"De leukste stoffenbeurs van de Benelux\",\"publisher\":{\"@id\":\"https:\/\/stoffenspektakel.nl\/#organization\"},\"potentialAction\":[{\"@type\":\"SearchAction\",\"target\":{\"@type\":\"EntryPoint\",\"urlTemplate\":\"https:\/\/stoffenspektakel.nl\/?s={search_term_string}\"},\"query-input\":{\"@type\":\"PropertyValueSpecification\",\"valueRequired\":true,\"valueName\":\"search_term_string\"}}],\"inLanguage\":\"de\"},{\"@type\":\"Organization\",\"@id\":\"https:\/\/stoffenspektakel.nl\/#organization\",\"name\":\"Stoffen Spektakel\",\"url\":\"https:\/\/stoffenspektakel.nl\/\",\"logo\":{\"@type\":\"ImageObject\",\"inLanguage\":\"de\",\"@id\":\"https:\/\/stoffenspektakel.nl\/#\/schema\/logo\/image\/\",\"url\":\"https:\/\/stoffenspektakel.nl\/wp-content\/uploads\/2023\/12\/Logo-web.webp\",\"contentUrl\":\"https:\/\/stoffenspektakel.nl\/wp-content\/uploads\/2023\/12\/Logo-web.webp\",\"width\":180,\"height\":63,\"caption\":\"Stoffen Spektakel\"},\"image\":{\"@id\":\"https:\/\/stoffenspektakel.nl\/#\/schema\/logo\/image\/\"},\"sameAs\":[\"https:\/\/www.facebook.com\/Stoffenspektakel.beurs\",\"https:\/\/www.instagram.com\/stoffenspektakel\/\"]}]}<\/script>\n<!-- \/ Yoast SEO plugin. -->","yoast_head_json":{"title":"Agenda - Stoffen Spektakel","description":"Vom 11. Februar bis zum 2. Juni finden wieder die Stoffen Spektakel Messen in den Niederlanden, Belgien und Luxemburg statt. Sehen Sie sich die Agenda hier an!","robots":{"index":"index","follow":"follow","max-snippet":"max-snippet:-1","max-image-preview":"max-image-preview:large","max-video-preview":"max-video-preview:-1"},"canonical":"https:\/\/stoffenspektakel.nl\/de\/agenda\/","og_locale":"de_DE","og_type":"article","og_title":"Agenda - Stoffen Spektakel","og_description":"Vom 11. Februar bis zum 2. Juni finden wieder die Stoffen Spektakel Messen in den Niederlanden, Belgien und Luxemburg statt. Sehen Sie sich die Agenda hier an!","og_url":"https:\/\/stoffenspektakel.nl\/de\/agenda\/","og_site_name":"Stoffen Spektakel","article_publisher":"https:\/\/www.facebook.com\/Stoffenspektakel.beurs","article_modified_time":"2024-02-29T08:54:18+00:00","twitter_card":"summary_large_image","twitter_misc":{"Gesch\u00e4tzte Lesezeit":"3\u00a0Minuten"},"schema":{"@context":"https:\/\/schema.org","@graph":[{"@type":"WebPage","@id":"https:\/\/stoffenspektakel.nl\/de\/agenda\/","url":"https:\/\/stoffenspektakel.nl\/de\/agenda\/","name":"Agenda - Stoffen Spektakel","isPartOf":{"@id":"https:\/\/stoffenspektakel.nl\/#website"},"datePublished":"2024-01-16T19:55:57+00:00","dateModified":"2024-02-29T08:54:18+00:00","description":"Vom 11. Februar bis zum 2. Juni finden wieder die Stoffen Spektakel Messen in den Niederlanden, Belgien und Luxemburg statt. Sehen Sie sich die Agenda hier an!","breadcrumb":{"@id":"https:\/\/stoffenspektakel.nl\/de\/agenda\/#breadcrumb"},"inLanguage":"de","potentialAction":[{"@type":"ReadAction","target":["https:\/\/stoffenspektakel.nl\/de\/agenda\/"]}]},{"@type":"BreadcrumbList","@id":"https:\/\/stoffenspektakel.nl\/de\/agenda\/#breadcrumb","itemListElement":[{"@type":"ListItem","position":1,"name":"Home","item":"https:\/\/stoffenspektakel.nl\/de\/"},{"@type":"ListItem","position":2,"name":"Agenda"}]},{"@type":"WebSite","@id":"https:\/\/stoffenspektakel.nl\/#website","url":"https:\/\/stoffenspektakel.nl\/","name":"Stoffen Spektakel","description":"De leukste stoffenbeurs van de Benelux","publisher":{"@id":"https:\/\/stoffenspektakel.nl\/#organization"},"potentialAction":[{"@type":"SearchAction","target":{"@type":"EntryPoint","urlTemplate":"https:\/\/stoffenspektakel.nl\/?s={search_term_string}"},"query-input":{"@type":"PropertyValueSpecification","valueRequired":true,"valueName":"search_term_string"}}],"inLanguage":"de"},{"@type":"Organization","@id":"https:\/\/stoffenspektakel.nl\/#organization","name":"Stoffen Spektakel","url":"https:\/\/stoffenspektakel.nl\/","logo":{"@type":"ImageObject","inLanguage":"de","@id":"https:\/\/stoffenspektakel.nl\/#\/schema\/logo\/image\/","url":"https:\/\/stoffenspektakel.nl\/wp-content\/uploads\/2023\/12\/Logo-web.webp","contentUrl":"https:\/\/stoffenspektakel.nl\/wp-content\/uploads\/2023\/12\/Logo-web.webp","width":180,"height":63,"caption":"Stoffen Spektakel"},"image":{"@id":"https:\/\/stoffenspektakel.nl\/#\/schema\/logo\/image\/"},"sameAs":["https:\/\/www.facebook.com\/Stoffenspektakel.beurs","https:\/\/www.instagram.com\/stoffenspektakel\/"]}]}},"_links":{"self":[{"href":"https:\/\/stoffenspektakel.nl\/de\/wp-json\/wp\/v2\/pages\/6910","targetHints":{"allow":["GET"]}}],"collection":[{"href":"https:\/\/stoffenspektakel.nl\/de\/wp-json\/wp\/v2\/pages"}],"about":[{"href":"https:\/\/stoffenspektakel.nl\/de\/wp-json\/wp\/v2\/types\/page"}],"author":[{"embeddable":true,"href":"https:\/\/stoffenspektakel.nl\/de\/wp-json\/wp\/v2\/users\/4"}],"replies":[{"embeddable":true,"href":"https:\/\/stoffenspektakel.nl\/de\/wp-json\/wp\/v2\/comments?post=6910"}],"version-history":[{"count":3,"href":"https:\/\/stoffenspektakel.nl\/de\/wp-json\/wp\/v2\/pages\/6910\/revisions"}],"predecessor-version":[{"id":6913,"href":"https:\/\/stoffenspektakel.nl\/de\/wp-json\/wp\/v2\/pages\/6910\/revisions\/6913"}],"wp:attachment":[{"href":"https:\/\/stoffenspektakel.nl\/de\/wp-json\/wp\/v2\/media?parent=6910"}],"curies":[{"name":"wp","href":"https:\/\/api.w.org\/{rel}","templated":true}]}}