{"id":6896,"date":"2023-12-09T12:40:46","date_gmt":"2023-12-09T12:40:46","guid":{"rendered":"https:\/\/stoffenspektakel.nl\/kontakt\/"},"modified":"2024-06-12T08:05:33","modified_gmt":"2024-06-12T08:05:33","slug":"kontakt","status":"publish","type":"page","link":"https:\/\/stoffenspektakel.nl\/de\/kontakt\/","title":{"rendered":"Kontakt"},"content":{"rendered":"<div class=\"wpb-content-wrapper\"><p>[vc_row equal_height=&#8220;yes&#8220; bg_type=&#8220;image&#8220; parallax_style=&#8220;vcpb-default&#8220; bg_image_new=&#8220;id^10974|url^https:\/\/stoffenspektakel.nl\/wp-content\/uploads\/2024\/06\/Stoffen-Spektakel-neem-contact-met-ons-op-scaled.jpg|caption^null|alt^Stoffen Spektakel, neem contact met ons op|title^Stoffen Spektakel, neem contact met ons op|description^null&#8220; bg_image_repeat=&#8220;no-repeat&#8220; bg_img_attach=&#8220;fixed&#8220; bg_override=&#8220;full&#8220; enable_overlay=&#8220;enable_overlay_value&#8220; overlay_color=&#8220;rgba(0,0,0,0.5)&#8220; type=&#8220;vc_default&#8220; css=&#8220;.vc_custom_1718179528612{margin-top: -70px !important;padding-top: 90px !important;padding-bottom: 90px !important;}&#8220; el_id=&#8220;Kontakt&#8220;][vc_column offset=&#8220;vc_col-lg-6 vc_col-md-6&#8243;]<div id=\"ultimate-heading-381769d780841204a\" class=\"uvc-heading ult-adjust-bottom-margin ultimate-heading-381769d780841204a uvc-457 accent-border-color accent-subtitle-color\" data-hspacer=\"no_spacer\"  data-halign=\"left\" style=\"text-align:left\"><div class=\"uvc-heading-spacer no_spacer\" style=\"top\"><\/div><div class=\"uvc-main-heading ult-responsive\"  data-ultimate-target='.uvc-heading.ultimate-heading-381769d780841204a h2'  data-responsive-json-new='{\"font-size\":\"desktop:50px;tablet_portrait:40px;\",\"line-height\":\"desktop:60px;tablet_portrait:50px;\"}' ><h2 style=\"font-weight:bold;color:#ffffff;margin-bottom:30px;\">KONTAKTIEREN SIE UNS<\/h2><\/div><\/div>[vc_column_text]<span style=\"color: #ffffff;\"><strong>Haben Sie Fragen, Anmerkungen oder m\u00f6chten Sie uns Feedback geben? Dann nutzen Sie das Kontaktformular auf dieser Seite, um uns Ihre Nachricht zukommen zu lassen.<\/strong><\/span><br \/>\n<span style=\"color: #ffffff;\"><strong>Wir versuchen immer, Ihre Nachricht innerhalb von 48 Stunden zu beantworten.<\/strong><\/span>[\/vc_column_text]<div class=\"aio-icon-component  vc_custom_1702634845700   style_1\"><div id=\"Info-box-wrap-4837\" class=\"aio-icon-box default-icon\" style=\"\"  ><div class=\"aio-icon-default\"><div class=\"ult-just-icon-wrapper  \"><div class=\"align-icon\" style=\"text-align:center;\">\n<div class=\"aio-icon none \"  style=\"color:#ffffff;font-size:24px;display:inline-block;\">\n\t<i class=\"icomoon-font-awesome-14x14-envelope\"><\/i>\n<\/div><\/div><\/div><\/div><div class=\"aio-icon-header\" ><h3 class=\"aio-icon-title ult-responsive\"  data-ultimate-target='#Info-box-wrap-4837 .aio-icon-title'  data-responsive-json-new='{\"font-size\":\"desktop:18px;\",\"line-height\":\"desktop:24px;\"}'  style=\"font-family:&#039;Open Sans&#039;;font-weight:700;color:#ffffff;\">info@stoffenspektakel.nl<\/h3><\/div> <!-- header --><\/div> <!-- aio-icon-box --><\/div> <!-- aio-icon-component --><div class=\"aio-icon-component  vc_custom_1703841100466   style_1\"><div id=\"Info-box-wrap-1365\" class=\"aio-icon-box default-icon\" style=\"\"  ><div class=\"aio-icon-default\"><div class=\"ult-just-icon-wrapper  \"><div class=\"align-icon\" style=\"text-align:center;\">\n<div class=\"aio-icon none \"  style=\"color:#ffffff;font-size:24px;display:inline-block;\">\n\t<i class=\"icomoon-the7-font-the7-clock-01\"><\/i>\n<\/div><\/div><\/div><\/div><div class=\"aio-icon-header\" ><h3 class=\"aio-icon-title ult-responsive\"  data-ultimate-target='#Info-box-wrap-1365 .aio-icon-title'  data-responsive-json-new='{\"font-size\":\"desktop:18px;\",\"line-height\":\"desktop:28px;\"}'  style=\"font-family:&#039;Open Sans&#039;;font-weight:700;color:#ffffff;\">Montag - Freitag 09:00 - 17:00<\/h3><\/div> <!-- header --><\/div> <!-- aio-icon-box --><\/div> <!-- aio-icon-component --><div class=\"  uavc-icons \">\n<a class=\"aio-tooltip 69d7808412378\" href=\"https:\/\/www.facebook.com\/Stoffenspektakel.beurs\" target=\"_blank\" rel=\"noopener\"  data-toggle=\"tooltip\" data-placement=\"top\" title=\"Facebook\"><div class=\"aio-icon circle \" data-animation=\"\" data-animation-delay=\"03\" style=\"color:#ffffff;background:#df6436;font-size:24px;margin-right:5px;\">\n\t<i class=\"icomoon-font-awesome-14x14-facebook-official\"><\/i>\n<\/div><\/a>\n<a class=\"aio-tooltip 69d78084123b3\" href=\"https:\/\/www.tiktok.com\/@stoffen_spektakel\" target=\"_blank\" rel=\"noopener\"  data-toggle=\"tooltip\" data-placement=\"top\" title=\"Twitter\"><div class=\"aio-icon circle \" data-animation=\"\" data-animation-delay=\"03\" style=\"color:#ffffff;background:#df6436;font-size:24px;margin-right:5px;\">\n\t<i class=\"fab fa-tiktok\"><\/i>\n<\/div><\/a>\n<a class=\"aio-tooltip 69d78084123e0\" href=\"https:\/\/www.instagram.com\/stoffenspektakel\/\" target=\"_blank\" rel=\"noopener\"  data-toggle=\"tooltip\" data-placement=\"top\" title=\"Instagram\"><div class=\"aio-icon circle \" data-animation=\"\" data-animation-delay=\"03\" style=\"color:#ffffff;background:#df6436;font-size:24px;margin-right:5px;\">\n\t<i class=\"icomoon-font-awesome-14x14-instagram\"><\/i>\n<\/div><\/a><\/div>[\/vc_column][vc_column offset=&#8220;vc_col-lg-6 vc_col-md-6&#8243;]\n<div class=\"wpcf7 no-js\" id=\"wpcf7-f7422-o1\" lang=\"de-DE\" dir=\"ltr\" data-wpcf7-id=\"7422\">\n<div class=\"screen-reader-response\"><p role=\"status\" aria-live=\"polite\" aria-atomic=\"true\"><\/p> <ul><\/ul><\/div>\n<form action=\"\/de\/wp-json\/wp\/v2\/pages\/6896#wpcf7-f7422-o1\" method=\"post\" class=\"wpcf7-form init\" aria-label=\"Kontaktformular\" novalidate=\"novalidate\" data-status=\"init\">\n<fieldset class=\"hidden-fields-container\"><input type=\"hidden\" name=\"_wpcf7\" value=\"7422\" \/><input type=\"hidden\" name=\"_wpcf7_version\" value=\"6.1.5\" \/><input type=\"hidden\" name=\"_wpcf7_locale\" value=\"de_DE\" \/><input type=\"hidden\" name=\"_wpcf7_unit_tag\" value=\"wpcf7-f7422-o1\" \/><input type=\"hidden\" name=\"_wpcf7_container_post\" value=\"0\" \/><input type=\"hidden\" name=\"_wpcf7_posted_data_hash\" value=\"\" \/><input type=\"hidden\" name=\"_wpcf7_recaptcha_response\" value=\"\" \/>\n<\/fieldset>\n<p><label style=\"color: white;\">Name:<br \/>\n<span class=\"wpcf7-form-control-wrap\" data-name=\"your-name\"><input size=\"40\" maxlength=\"400\" class=\"wpcf7-form-control wpcf7-text wpcf7-validates-as-required\" aria-required=\"true\" aria-invalid=\"false\" value=\"\" type=\"text\" name=\"your-name\" \/><\/span><br \/>\n<\/label>\n<\/p>\n<p><label style=\"color: white;\">E-Mail:<br \/>\n<span class=\"wpcf7-form-control-wrap\" data-name=\"urmail13\"><input size=\"40\" maxlength=\"400\" class=\"wpcf7-form-control wpcf7-email wpcf7-validates-as-required wpcf7-text wpcf7-validates-as-email\" aria-required=\"true\" aria-invalid=\"false\" value=\"\" type=\"email\" name=\"urmail13\" \/><\/span><br \/>\n<\/label>\n<\/p>\n<p><label style=\"color: white;\">Nachricht:<\/label><br \/>\n<span class=\"wpcf7-form-control-wrap\" data-name=\"TekstGebied\"><textarea cols=\"40\" rows=\"10\" maxlength=\"2000\" class=\"wpcf7-form-control wpcf7-textarea tekstgebied-style\" aria-invalid=\"false\" name=\"TekstGebied\"><\/textarea><\/span>\n<\/p>\n<p><input class=\"wpcf7-form-control wpcf7-submit has-spinner\" type=\"submit\" value=\"Senden\" \/>\n<\/p><input type='hidden' class='wpcf7-pum' value='{\"closepopup\":false,\"closedelay\":0,\"openpopup\":false,\"openpopup_id\":0}' \/><div class=\"wpcf7-response-output\" aria-hidden=\"true\"><\/div>\n<\/form>\n<\/div>\n[\/vc_column][vc_column][\/vc_column][\/vc_row]<\/p>\n<\/div>","protected":false},"excerpt":{"rendered":"<p>[vc_row equal_height=&#8220;yes&#8220; bg_type=&#8220;image&#8220; parallax_style=&#8220;vcpb-default&#8220; bg_image_new=&#8220;id^10974|url^https:\/\/stoffenspektakel.nl\/wp-content\/uploads\/2024\/06\/Stoffen-Spektakel-neem-contact-met-ons-op-scaled.jpg|caption^null|alt^Stoffen Spektakel, neem contact met ons op|title^Stoffen Spektakel, neem contact met ons op|description^null&#8220; bg_image_repeat=&#8220;no-repeat&#8220; bg_img_attach=&#8220;fixed&#8220; bg_override=&#8220;full&#8220; enable_overlay=&#8220;enable_overlay_value&#8220; overlay_color=&#8220;rgba(0,0,0,0.5)&#8220; type=&#8220;vc_default&#8220; css=&#8220;.vc_custom_1718179528612{margin-top: -70px !important;padding-top: 90px !important;padding-bottom: 90px !important;}&#8220;&hellip;<\/p>\n","protected":false},"author":4,"featured_media":0,"parent":0,"menu_order":10,"comment_status":"closed","ping_status":"open","template":"template-microsite.php","meta":{"footnotes":""},"class_list":["post-6896","page","type-page","status-publish","hentry","description-off"],"yoast_head":"<!-- This site is optimized with the Yoast SEO plugin v27.1.1 - https:\/\/yoast.com\/product\/yoast-seo-wordpress\/ -->\n<title>Kontakt - Stoffen Spektakel<\/title>\n<meta name=\"description\" content=\"Haben Sie Fragen oder w\u00fcnschen Sie weitere Informationen \u00fcber das Stoffen Spektakel? Hier finden Sie alle unsere Kontaktinformationen. Wir w\u00fcrden uns freuen, von Ihnen zu h\u00f6ren!\" \/>\n<meta name=\"robots\" content=\"index, follow, max-snippet:-1, max-image-preview:large, max-video-preview:-1\" \/>\n<link rel=\"canonical\" href=\"https:\/\/stoffenspektakel.nl\/de\/kontakt\/\" \/>\n<meta property=\"og:locale\" content=\"de_DE\" \/>\n<meta property=\"og:type\" content=\"article\" \/>\n<meta property=\"og:title\" content=\"Kontakt - Stoffen Spektakel\" \/>\n<meta property=\"og:description\" content=\"Haben Sie Fragen oder w\u00fcnschen Sie weitere Informationen \u00fcber das Stoffen Spektakel? Hier finden Sie alle unsere Kontaktinformationen. Wir w\u00fcrden uns freuen, von Ihnen zu h\u00f6ren!\" \/>\n<meta property=\"og:url\" content=\"https:\/\/stoffenspektakel.nl\/de\/kontakt\/\" \/>\n<meta property=\"og:site_name\" content=\"Stoffen Spektakel\" \/>\n<meta property=\"article:publisher\" content=\"https:\/\/www.facebook.com\/Stoffenspektakel.beurs\" \/>\n<meta property=\"article:modified_time\" content=\"2024-06-12T08:05:33+00:00\" \/>\n<meta name=\"twitter:card\" content=\"summary_large_image\" \/>\n<meta name=\"twitter:label1\" content=\"Gesch\u00e4tzte Lesezeit\" \/>\n\t<meta name=\"twitter:data1\" content=\"1\u00a0Minute\" \/>\n<script type=\"application\/ld+json\" class=\"yoast-schema-graph\">{\"@context\":\"https:\/\/schema.org\",\"@graph\":[{\"@type\":\"WebPage\",\"@id\":\"https:\/\/stoffenspektakel.nl\/de\/kontakt\/\",\"url\":\"https:\/\/stoffenspektakel.nl\/de\/kontakt\/\",\"name\":\"Kontakt - Stoffen Spektakel\",\"isPartOf\":{\"@id\":\"https:\/\/stoffenspektakel.nl\/#website\"},\"datePublished\":\"2023-12-09T12:40:46+00:00\",\"dateModified\":\"2024-06-12T08:05:33+00:00\",\"description\":\"Haben Sie Fragen oder w\u00fcnschen Sie weitere Informationen \u00fcber das Stoffen Spektakel? Hier finden Sie alle unsere Kontaktinformationen. Wir w\u00fcrden uns freuen, von Ihnen zu h\u00f6ren!\",\"breadcrumb\":{\"@id\":\"https:\/\/stoffenspektakel.nl\/de\/kontakt\/#breadcrumb\"},\"inLanguage\":\"de\",\"potentialAction\":[{\"@type\":\"ReadAction\",\"target\":[\"https:\/\/stoffenspektakel.nl\/de\/kontakt\/\"]}]},{\"@type\":\"BreadcrumbList\",\"@id\":\"https:\/\/stoffenspektakel.nl\/de\/kontakt\/#breadcrumb\",\"itemListElement\":[{\"@type\":\"ListItem\",\"position\":1,\"name\":\"Home\",\"item\":\"https:\/\/stoffenspektakel.nl\/de\/\"},{\"@type\":\"ListItem\",\"position\":2,\"name\":\"Kontakt\"}]},{\"@type\":\"WebSite\",\"@id\":\"https:\/\/stoffenspektakel.nl\/#website\",\"url\":\"https:\/\/stoffenspektakel.nl\/\",\"name\":\"Stoffen Spektakel\",\"description\":\"De leukste stoffenbeurs van de Benelux\",\"publisher\":{\"@id\":\"https:\/\/stoffenspektakel.nl\/#organization\"},\"potentialAction\":[{\"@type\":\"SearchAction\",\"target\":{\"@type\":\"EntryPoint\",\"urlTemplate\":\"https:\/\/stoffenspektakel.nl\/?s={search_term_string}\"},\"query-input\":{\"@type\":\"PropertyValueSpecification\",\"valueRequired\":true,\"valueName\":\"search_term_string\"}}],\"inLanguage\":\"de\"},{\"@type\":\"Organization\",\"@id\":\"https:\/\/stoffenspektakel.nl\/#organization\",\"name\":\"Stoffen Spektakel\",\"url\":\"https:\/\/stoffenspektakel.nl\/\",\"logo\":{\"@type\":\"ImageObject\",\"inLanguage\":\"de\",\"@id\":\"https:\/\/stoffenspektakel.nl\/#\/schema\/logo\/image\/\",\"url\":\"https:\/\/stoffenspektakel.nl\/wp-content\/uploads\/2023\/12\/Logo-web.webp\",\"contentUrl\":\"https:\/\/stoffenspektakel.nl\/wp-content\/uploads\/2023\/12\/Logo-web.webp\",\"width\":180,\"height\":63,\"caption\":\"Stoffen Spektakel\"},\"image\":{\"@id\":\"https:\/\/stoffenspektakel.nl\/#\/schema\/logo\/image\/\"},\"sameAs\":[\"https:\/\/www.facebook.com\/Stoffenspektakel.beurs\",\"https:\/\/www.instagram.com\/stoffenspektakel\/\"]}]}<\/script>\n<!-- \/ Yoast SEO plugin. -->","yoast_head_json":{"title":"Kontakt - Stoffen Spektakel","description":"Haben Sie Fragen oder w\u00fcnschen Sie weitere Informationen \u00fcber das Stoffen Spektakel? Hier finden Sie alle unsere Kontaktinformationen. Wir w\u00fcrden uns freuen, von Ihnen zu h\u00f6ren!","robots":{"index":"index","follow":"follow","max-snippet":"max-snippet:-1","max-image-preview":"max-image-preview:large","max-video-preview":"max-video-preview:-1"},"canonical":"https:\/\/stoffenspektakel.nl\/de\/kontakt\/","og_locale":"de_DE","og_type":"article","og_title":"Kontakt - Stoffen Spektakel","og_description":"Haben Sie Fragen oder w\u00fcnschen Sie weitere Informationen \u00fcber das Stoffen Spektakel? Hier finden Sie alle unsere Kontaktinformationen. Wir w\u00fcrden uns freuen, von Ihnen zu h\u00f6ren!","og_url":"https:\/\/stoffenspektakel.nl\/de\/kontakt\/","og_site_name":"Stoffen Spektakel","article_publisher":"https:\/\/www.facebook.com\/Stoffenspektakel.beurs","article_modified_time":"2024-06-12T08:05:33+00:00","twitter_card":"summary_large_image","twitter_misc":{"Gesch\u00e4tzte Lesezeit":"1\u00a0Minute"},"schema":{"@context":"https:\/\/schema.org","@graph":[{"@type":"WebPage","@id":"https:\/\/stoffenspektakel.nl\/de\/kontakt\/","url":"https:\/\/stoffenspektakel.nl\/de\/kontakt\/","name":"Kontakt - Stoffen Spektakel","isPartOf":{"@id":"https:\/\/stoffenspektakel.nl\/#website"},"datePublished":"2023-12-09T12:40:46+00:00","dateModified":"2024-06-12T08:05:33+00:00","description":"Haben Sie Fragen oder w\u00fcnschen Sie weitere Informationen \u00fcber das Stoffen Spektakel? Hier finden Sie alle unsere Kontaktinformationen. Wir w\u00fcrden uns freuen, von Ihnen zu h\u00f6ren!","breadcrumb":{"@id":"https:\/\/stoffenspektakel.nl\/de\/kontakt\/#breadcrumb"},"inLanguage":"de","potentialAction":[{"@type":"ReadAction","target":["https:\/\/stoffenspektakel.nl\/de\/kontakt\/"]}]},{"@type":"BreadcrumbList","@id":"https:\/\/stoffenspektakel.nl\/de\/kontakt\/#breadcrumb","itemListElement":[{"@type":"ListItem","position":1,"name":"Home","item":"https:\/\/stoffenspektakel.nl\/de\/"},{"@type":"ListItem","position":2,"name":"Kontakt"}]},{"@type":"WebSite","@id":"https:\/\/stoffenspektakel.nl\/#website","url":"https:\/\/stoffenspektakel.nl\/","name":"Stoffen Spektakel","description":"De leukste stoffenbeurs van de Benelux","publisher":{"@id":"https:\/\/stoffenspektakel.nl\/#organization"},"potentialAction":[{"@type":"SearchAction","target":{"@type":"EntryPoint","urlTemplate":"https:\/\/stoffenspektakel.nl\/?s={search_term_string}"},"query-input":{"@type":"PropertyValueSpecification","valueRequired":true,"valueName":"search_term_string"}}],"inLanguage":"de"},{"@type":"Organization","@id":"https:\/\/stoffenspektakel.nl\/#organization","name":"Stoffen Spektakel","url":"https:\/\/stoffenspektakel.nl\/","logo":{"@type":"ImageObject","inLanguage":"de","@id":"https:\/\/stoffenspektakel.nl\/#\/schema\/logo\/image\/","url":"https:\/\/stoffenspektakel.nl\/wp-content\/uploads\/2023\/12\/Logo-web.webp","contentUrl":"https:\/\/stoffenspektakel.nl\/wp-content\/uploads\/2023\/12\/Logo-web.webp","width":180,"height":63,"caption":"Stoffen Spektakel"},"image":{"@id":"https:\/\/stoffenspektakel.nl\/#\/schema\/logo\/image\/"},"sameAs":["https:\/\/www.facebook.com\/Stoffenspektakel.beurs","https:\/\/www.instagram.com\/stoffenspektakel\/"]}]}},"_links":{"self":[{"href":"https:\/\/stoffenspektakel.nl\/de\/wp-json\/wp\/v2\/pages\/6896","targetHints":{"allow":["GET"]}}],"collection":[{"href":"https:\/\/stoffenspektakel.nl\/de\/wp-json\/wp\/v2\/pages"}],"about":[{"href":"https:\/\/stoffenspektakel.nl\/de\/wp-json\/wp\/v2\/types\/page"}],"author":[{"embeddable":true,"href":"https:\/\/stoffenspektakel.nl\/de\/wp-json\/wp\/v2\/users\/4"}],"replies":[{"embeddable":true,"href":"https:\/\/stoffenspektakel.nl\/de\/wp-json\/wp\/v2\/comments?post=6896"}],"version-history":[{"count":9,"href":"https:\/\/stoffenspektakel.nl\/de\/wp-json\/wp\/v2\/pages\/6896\/revisions"}],"predecessor-version":[{"id":10977,"href":"https:\/\/stoffenspektakel.nl\/de\/wp-json\/wp\/v2\/pages\/6896\/revisions\/10977"}],"wp:attachment":[{"href":"https:\/\/stoffenspektakel.nl\/de\/wp-json\/wp\/v2\/media?parent=6896"}],"curies":[{"name":"wp","href":"https:\/\/api.w.org\/{rel}","templated":true}]}}